{"id":1130,"date":"2015-02-20T10:51:51","date_gmt":"2015-02-20T10:51:51","guid":{"rendered":"http:\/\/nowaste.comune.re.it\/?page_id=1130"},"modified":"2015-03-30T07:55:33","modified_gmt":"2015-03-30T07:55:33","slug":"linee-guida-cdr-1","status":"publish","type":"page","link":"https:\/\/nowaste.comune.re.it\/?page_id=1130","title":{"rendered":"Linee guida CdR &#8211; 1"},"content":{"rendered":"<p>L&#8217;azione 5 del progetto NO WASTE \u00e8 dedicata al centro del riuso; la prima attivit\u00e0 ha riguardato la realizzazione di uno studio di fattibilit\u00e0, basato sulla disponibilit\u00e0 degli attori locali ad attivare una catena di riutilizzo che consiste in un sistema integrato di centri di raccolta che adottano un processo di separazione dei rifiuti e la successiva distribuzione di beni riutilizzabili non alimentari.<\/p>\n<p>La prima fase dello studio di fattibilit\u00e0 di un centro del riuso si \u00e8 basata su un\u2019analisi di mercato per valutare se esistono le condizioni economiche per la creazione di reti di centri del riuso nel contesto di Reggio Emilia.<\/p>\n<p>E&#8217; stata quindi effettuata un&#8217;<strong>analisi di mercato del riuso<\/strong>\u00a0per valutare il mercato potenziale dei riuso a livello locale; questo studio \u00e8 stato necessario prima di realizzare lo studio di fattibilit\u00e0 sul centro del riuso.<\/p>\n<p>Scarica qui l&#8217;analisi di mercato del riuso:\u00a0<a href=\"https:\/\/nowaste.comune.re.it\/wp-content\/uploads\/2015\/02\/C12_6-Life-NoWa_report-finale_Elaborato_1.pdf\">C12_6 Life-NoWa_report finale_Elaborato_1<\/a><\/p>\n<p>&nbsp;<\/p>\n<p><a href=\"https:\/\/nowaste.comune.re.it\/?page_id=1100\">Ritorna all&#8217;indice delle linee guida<\/a><\/p>\n<p>&#8212;&#8212;&#8212;&#8212;&#8212;&#8212;&#8212;&#8212;&#8212;&#8212;&#8212;&#8212;&#8212;&#8212;&#8212;&#8212;&#8212;&#8212;&#8212;&#8211;<\/p>\n<p><em>Action 5 of NO WASTE project is dedicated to the center of reuse; the first activity concerned the draft of a feasibility study, based on the availability of local actors to activate a chain of reuse that consists of an integrated system of collection centers that adopt a process of waste separation and subsequent distribution of reusable goods (non-food).<\/em><\/p>\n<p><em><\/em><em>The first phase of the feasibility study of a\u00a0reuse\u00a0center was based on a market analysis to assess whether there are economic conditions for the creation of networks of centers of reuse in the context of Reggio Emilia.<\/em><\/p>\n<p>A\u00a0<em><strong>Reuse market\u00a0analysis<\/strong>\u00a0has been drafted in order to\u00a0<em>\u00a0assess the potential reuse market at local level; this study has been necessary\u00a0<\/em><\/em><em>to realise this analysis before proceeding with the feasibility study on the reuse centre.\u00a0<\/em><\/p>\n<p><em>Download here the reuse centre analysis:\u00a0<a href=\"https:\/\/nowaste.comune.re.it\/wp-content\/uploads\/2015\/02\/C12_6-Life-NoWa_report-finale_Elaborato_1.pdf\">C12_6 Life-NoWa_report finale_Elaborato_1<\/a><\/em><\/p>\n<p>&nbsp;<\/p>\n<p><em><a href=\"https:\/\/nowaste.comune.re.it\/?page_id=1100\">Back to guidelines index<\/a><\/em><\/p>\n","protected":false},"excerpt":{"rendered":"<p>L&#8217;azione 5 del progetto NO WASTE \u00e8 dedicata al centro del riuso; la prima attivit\u00e0 ha riguardato la realizzazione di uno studio di fattibilit\u00e0, basato sulla disponibilit\u00e0 degli attori locali ad attivare una catena di riutilizzo che consiste in un sistema integrato di centri di raccolta che adottano un processo di separazione dei rifiuti e [&hellip;]<\/p>\n","protected":false},"author":3,"featured_media":0,"parent":0,"menu_order":0,"comment_status":"closed","ping_status":"closed","template":"","meta":{"_monsterinsights_skip_tracking":false,"_monsterinsights_sitenote_active":false,"_monsterinsights_sitenote_note":"","_monsterinsights_sitenote_category":0,"footnotes":""},"class_list":["post-1130","page","type-page","status-publish","hentry"],"_links":{"self":[{"href":"https:\/\/nowaste.comune.re.it\/index.php?rest_route=\/wp\/v2\/pages\/1130","targetHints":{"allow":["GET"]}}],"collection":[{"href":"https:\/\/nowaste.comune.re.it\/index.php?rest_route=\/wp\/v2\/pages"}],"about":[{"href":"https:\/\/nowaste.comune.re.it\/index.php?rest_route=\/wp\/v2\/types\/page"}],"author":[{"embeddable":true,"href":"https:\/\/nowaste.comune.re.it\/index.php?rest_route=\/wp\/v2\/users\/3"}],"replies":[{"embeddable":true,"href":"https:\/\/nowaste.comune.re.it\/index.php?rest_route=%2Fwp%2Fv2%2Fcomments&post=1130"}],"version-history":[{"count":10,"href":"https:\/\/nowaste.comune.re.it\/index.php?rest_route=\/wp\/v2\/pages\/1130\/revisions"}],"predecessor-version":[{"id":1240,"href":"https:\/\/nowaste.comune.re.it\/index.php?rest_route=\/wp\/v2\/pages\/1130\/revisions\/1240"}],"wp:attachment":[{"href":"https:\/\/nowaste.comune.re.it\/index.php?rest_route=%2Fwp%2Fv2%2Fmedia&parent=1130"}],"curies":[{"name":"wp","href":"https:\/\/api.w.org\/{rel}","templated":true}]}}