{"id":1191,"date":"2015-03-05T10:25:06","date_gmt":"2015-03-05T10:25:06","guid":{"rendered":"http:\/\/nowaste.comune.re.it\/?page_id=1191"},"modified":"2015-03-30T07:55:35","modified_gmt":"2015-03-30T07:55:35","slug":"linee-guida-cdr-2","status":"publish","type":"page","link":"https:\/\/nowaste.comune.re.it\/?page_id=1191","title":{"rendered":"Linee guida CdR &#8211; 2"},"content":{"rendered":"<p>Subito dopo l&#8217;analisi di mercato del riuso, \u00e8 stato realizzato lo <strong>studio di fattibilit\u00e0 di un centro del riuso<\/strong> per la realt\u00e0 di Reggio Emilia.\u00a0Lo studio di fattibilit\u00e0 prevede la creazione di un centro del riuso dotato di spazi per le attivit\u00e0 di riutilizzo.<\/p>\n<p>La realizzazione fisica del progetto di rete del riuso (compreso l&#8217;allestimento di tutti i centri) rappresenta un investimento futuro (dopo la fine del progetto) da realizzare con l&#8217;impegno comune delle parti.<\/p>\n<p>Scarica qui il report dello studio di fattibilit\u00e0:\u00a0<a href=\"https:\/\/nowaste.comune.re.it\/wp-content\/uploads\/2015\/03\/C12_6-Life-NoWa_report_finale_Elaborato_2.pdf\">C12_6 Life-NoWa_report_finale_Elaborato_2<\/a><\/p>\n<p>Visto l\u2019esito positivo dello studio di fattibilit\u00e0, il Comune di Reggio Emilia e IREN Emilia hanno concordato di sperimentare l\u2019apertura di un centro del riuso in prossimit\u00e0 di uno dei punti di raccolta dei rifiuti presenti in citt\u00e0.<\/p>\n<p>Scarica qui il Memorandum firmato dal Comune di Reggio Emilia ed Iren:\u00a0<a href=\"https:\/\/nowaste.comune.re.it\/wp-content\/uploads\/2015\/03\/5_4_Declaration_of_intent_reuse_centre.pdf\">5_4_Declaration_of_intent_reuse_centre<\/a><\/p>\n<p>&nbsp;<\/p>\n<p><a href=\"https:\/\/nowaste.comune.re.it\/?page_id=1100\">Ritorna all&#8217;indice delle linee guida<\/a><\/p>\n<p>&#8212;&#8212;&#8212;&#8212;&#8212;&#8212;&#8212;&#8212;&#8212;&#8212;&#8212;&#8212;&#8212;&#8212;&#8212;&#8212;&#8212;&#8212;&#8212;&#8211;<\/p>\n<p><em>After the reuse market analysis, a\u00a0<strong>Reuse Centre Feasibility Study<\/strong> has been drafted for Reggio Emilia. The\u00a0\u00a0Feasibility Study will foresee the establishment of a reuse centre equipped with spaces for reuse activities.<\/em><\/p>\n<p><em>The physical implementation of the reuse network project ( including the set up of all centers) represents a future investment (after the project\u2019s end) to be implemented with the joint commitment of the parties.<\/em><\/p>\n<p><em>Download here the feasibility study:\u00a0<a href=\"https:\/\/nowaste.comune.re.it\/wp-content\/uploads\/2015\/03\/C12_6-Life-NoWa_report_finale_Elaborato_2.pdf\">C12_6 Life-NoWa_report_finale_Elaborato_2<\/a><\/em><\/p>\n<p><em>Given the positive outcome of the feasibility study, the Municipality of Reggio Emilia and Iren Emilia agreed to test the opening of a reuse center close to one of the waste collection centers in the city.<\/em><\/p>\n<p><em>Download here the Memorandum signed by Municipality of Reggio Emilia and Iren:\u00a0<a href=\"https:\/\/nowaste.comune.re.it\/wp-content\/uploads\/2015\/03\/5_4_Declaration_of_intent_reuse_centre.pdf\">5_4_Declaration_of_intent_reuse_centre<\/a><\/em><\/p>\n<p>&nbsp;<\/p>\n<p><em><a href=\"https:\/\/nowaste.comune.re.it\/?page_id=1100\">Back to guidelines index<\/a><\/em><\/p>\n","protected":false},"excerpt":{"rendered":"<p>Subito dopo l&#8217;analisi di mercato del riuso, \u00e8 stato realizzato lo studio di fattibilit\u00e0 di un centro del riuso per la realt\u00e0 di Reggio Emilia.\u00a0Lo studio di fattibilit\u00e0 prevede la creazione di un centro del riuso dotato di spazi per le attivit\u00e0 di riutilizzo. La realizzazione fisica del progetto di rete del riuso (compreso l&#8217;allestimento [&hellip;]<\/p>\n","protected":false},"author":3,"featured_media":0,"parent":0,"menu_order":0,"comment_status":"closed","ping_status":"closed","template":"","meta":{"_monsterinsights_skip_tracking":false,"_monsterinsights_sitenote_active":false,"_monsterinsights_sitenote_note":"","_monsterinsights_sitenote_category":0,"footnotes":""},"class_list":["post-1191","page","type-page","status-publish","hentry"],"_links":{"self":[{"href":"https:\/\/nowaste.comune.re.it\/index.php?rest_route=\/wp\/v2\/pages\/1191","targetHints":{"allow":["GET"]}}],"collection":[{"href":"https:\/\/nowaste.comune.re.it\/index.php?rest_route=\/wp\/v2\/pages"}],"about":[{"href":"https:\/\/nowaste.comune.re.it\/index.php?rest_route=\/wp\/v2\/types\/page"}],"author":[{"embeddable":true,"href":"https:\/\/nowaste.comune.re.it\/index.php?rest_route=\/wp\/v2\/users\/3"}],"replies":[{"embeddable":true,"href":"https:\/\/nowaste.comune.re.it\/index.php?rest_route=%2Fwp%2Fv2%2Fcomments&post=1191"}],"version-history":[{"count":10,"href":"https:\/\/nowaste.comune.re.it\/index.php?rest_route=\/wp\/v2\/pages\/1191\/revisions"}],"predecessor-version":[{"id":1257,"href":"https:\/\/nowaste.comune.re.it\/index.php?rest_route=\/wp\/v2\/pages\/1191\/revisions\/1257"}],"wp:attachment":[{"href":"https:\/\/nowaste.comune.re.it\/index.php?rest_route=%2Fwp%2Fv2%2Fmedia&parent=1191"}],"curies":[{"name":"wp","href":"https:\/\/api.w.org\/{rel}","templated":true}]}}