{"id":122,"date":"2012-05-02T08:36:30","date_gmt":"2012-05-02T08:36:30","guid":{"rendered":"http:\/\/nowaste.comune.re.it\/?page_id=122"},"modified":"2013-12-12T08:33:39","modified_gmt":"2013-12-12T08:33:39","slug":"comune-di-reggio-emilia","status":"publish","type":"page","link":"https:\/\/nowaste.comune.re.it\/?page_id=122","title":{"rendered":"Comune di Reggio Emilia"},"content":{"rendered":"<p><a href=\"http:\/\/www.municipio.re.it\/ambiente\">www.municipio.re.it\/ambiente<\/a><\/p>\n<p><img loading=\"lazy\" decoding=\"async\" class=\"alignnone size-full wp-image-400\" title=\"S\" src=\"https:\/\/nowaste.comune.re.it\/wp-content\/uploads\/2012\/05\/Comune_Reggio_rid1.jpg\" alt=\"\" width=\"100\" height=\"117\" \/><\/p>\n<p>Reggio Emilia \u00e8 una citt\u00e0 di medie dimensioni (circa 170.000 abitanti) dell\u2019Italia settentrionale, nella Regione Emilia Romagna. Il Comune di Reggio Emilia, per la gestione dei rifiuti urbani, ha creato un proprio modello finalizzato ad aumentare il materiale portato al riciclo, a diminuire il ricorso allo smaltimento e a ridurre la quantit\u00e0 di rifiuti prodotti.<br \/>\nIl \u201cmodello Reggio\u201d nasce dalle esperienze precedenti e dalle esigenze dei cittadini nel rispetto delle caratteristiche architettonico-urbanistiche della citt\u00e0. Dal 2004 al 2011, la percentuale di raccolta differenziata \u00e8 passata dal 43,4% al 58,35%, con l\u2019obiettivo di arrivare al 65% a livello provinciale entro il 2012 e al 67% entro il 2015.<br \/>\nIl Comune di Reggio Emilia ha attivato in parallelo altri progetti, tra i quali:<br \/>\n&#8211; progetto Green Public Procurement, cofinanziato dal Ministero dell\u2019Ambiente nel 2004, per introdurre, nelle politiche d\u2019acquisto di beni e servizi, criteri volti alla riduzione degli impatti ambientali;<br \/>\n&#8211; centro di riciclaggio creativo REMIDA, dove i rifiuti, oltre ad essere smaltiti, possono anche essere trasformati; il progetto \u00e8 nato a Reggio Emilia nel 1996 ed \u00e8 ora esportato in varie citt\u00e0 italiane e del mondo, per promuovere l\u2019idea che gli scarti di produzione possono essere risorse;<br \/>\n&#8211; progetto \u201cReggio Raccogli Ecologico\u201d, nuova proposta di raccolta differenziata del \u201crifiuto fuori casa\u201d pensata per i luoghi deputati ad attivit\u00e0 ludiche, sportive e di ritrovo; il progetto coinvolge i 24 centri sociali della citt\u00e0, 9 centri sportivi e i principali centri commerciali;<br \/>\n&#8211; progetto \u201cLa Spesa Verde\u201d, marchio di qualit\u00e0 ecologica che viene assegnato ai negozi che attuano \u201cbuone pratiche\u201d per la sostenibilit\u00e0 a livello locale; partecipano al progetto i principali punti vendita di Conad, Coop Consumatori Nordest e Realco;<br \/>\n&#8211; coordinamento del gruppo di lavoro nazionale \u201cRifiuti 21 Network\u201d, con l\u2019obiettivo di approfondire le migliori pratiche per la riduzione a monte dei rifiuti, creare una rete per lo scambio di conoscenze ed esperienze, sviluppare ulteriori nuove pratiche nel settore della gestione sostenibile della raccolta e differenziazione dei rifiuti;<br \/>\n&#8211; adesione alla \u201cSettimana Europea per la Riduzione dei Rifiuti\u201d, promossa annualmente, attivando insieme alla multiutility locale IREN nuovi servizi (es. acqua in caraffa, compostaggio a scuola, casette dell\u2019acqua,\u2026).<br \/>\nInfine il Comune di Reggio Emilia ha partecipato in qualit\u00e0 di beneficiario coordinatore al progetto LIFE 07 \u201cLAKS \u2013 Local Accountability for Kyoto goals\u201d (<a href=\"http:\/\/www.municipio.re.it\/laks\">www.municipio.re.it\/laks<\/a>) e sta partecipando in qualit\u00e0 di beneficiario associato al progetto LIFE 09 \u201cRELS \u2013 Innovative chain for energy recovery from waste in national parks\u201d (<a href=\"http:\/\/www.life-rels.eu\/\">www.life-rels.eu<\/a>).<\/p>\n","protected":false},"excerpt":{"rendered":"<p>www.municipio.re.it\/ambiente Reggio Emilia \u00e8 una citt\u00e0 di medie dimensioni (circa 170.000 abitanti) dell\u2019Italia settentrionale, nella Regione Emilia Romagna. Il Comune di Reggio Emilia, per la gestione dei rifiuti urbani, ha creato un proprio modello finalizzato ad aumentare il materiale portato al riciclo, a diminuire il ricorso allo smaltimento e a ridurre la quantit\u00e0 di rifiuti [&hellip;]<\/p>\n","protected":false},"author":2,"featured_media":0,"parent":0,"menu_order":0,"comment_status":"closed","ping_status":"closed","template":"","meta":{"_monsterinsights_skip_tracking":false,"_monsterinsights_sitenote_active":false,"_monsterinsights_sitenote_note":"","_monsterinsights_sitenote_category":0,"footnotes":""},"class_list":["post-122","page","type-page","status-publish","hentry"],"_links":{"self":[{"href":"https:\/\/nowaste.comune.re.it\/index.php?rest_route=\/wp\/v2\/pages\/122","targetHints":{"allow":["GET"]}}],"collection":[{"href":"https:\/\/nowaste.comune.re.it\/index.php?rest_route=\/wp\/v2\/pages"}],"about":[{"href":"https:\/\/nowaste.comune.re.it\/index.php?rest_route=\/wp\/v2\/types\/page"}],"author":[{"embeddable":true,"href":"https:\/\/nowaste.comune.re.it\/index.php?rest_route=\/wp\/v2\/users\/2"}],"replies":[{"embeddable":true,"href":"https:\/\/nowaste.comune.re.it\/index.php?rest_route=%2Fwp%2Fv2%2Fcomments&post=122"}],"version-history":[{"count":14,"href":"https:\/\/nowaste.comune.re.it\/index.php?rest_route=\/wp\/v2\/pages\/122\/revisions"}],"predecessor-version":[{"id":137,"href":"https:\/\/nowaste.comune.re.it\/index.php?rest_route=\/wp\/v2\/pages\/122\/revisions\/137"}],"wp:attachment":[{"href":"https:\/\/nowaste.comune.re.it\/index.php?rest_route=%2Fwp%2Fv2%2Fmedia&parent=122"}],"curies":[{"name":"wp","href":"https:\/\/api.w.org\/{rel}","templated":true}]}}