{"id":128,"date":"2012-05-02T08:37:46","date_gmt":"2012-05-02T08:37:46","guid":{"rendered":"http:\/\/nowaste.comune.re.it\/?page_id=128"},"modified":"2013-12-12T08:33:19","modified_gmt":"2013-12-12T08:33:19","slug":"ambiente-italia","status":"publish","type":"page","link":"https:\/\/nowaste.comune.re.it\/?page_id=128","title":{"rendered":"Ambiente Italia"},"content":{"rendered":"<p><a href=\"http:\/\/www.ambienteitalia.it\/\">www.ambienteitalia.it<\/a><\/p>\n<p><img loading=\"lazy\" decoding=\"async\" class=\"alignnone size-full wp-image-407\" title=\"A\" src=\"https:\/\/nowaste.comune.re.it\/wp-content\/uploads\/2012\/05\/Ambienteitalia_rid.jpg\" alt=\"\" width=\"217\" height=\"25\" \/><\/p>\n<p>Ambiente Italia srl \u00e8 una societ\u00e0 di ricerca e consulenza che opera nel campo dell\u2019analisi, della pianificazione e della progettazione ambientale.<br \/>\nI suoi uffici sono a Milano, Pisa, Treviso e Roma, il suo staff ha competenze multidisciplinari e la sua partnership con organizzazioni europee \u00e8 consolidata.<br \/>\nIn 20 anni di attivit\u00e0, Ambiente Italia ha sviluppato pi\u00f9 di 1.100 progetti per oltre 600 clienti (in Italia, pi\u00f9 di 170 Comuni, 40 Province, 13 regioni e pi\u00f9 di 40 imprese).<br \/>\nAmbiente Italia fornisce consulenza e supporto tecnico al settore privato (Valutazione di Impatto Ambientale, Gestione ambientale per le imprese \/ prodotti e studi di fattibilit\u00e0) e alle amministrazioni locali (pianificazione e sviluppo di azioni) in diversi settori (Territorio, Energia, Rifiuti, Acqua , Verde, aree naturali e turistiche).<br \/>\nHa inoltre un\u2019esperienza consolidata nella predisposizione e gestione di progetti europei: lo testimoniano oltre 80 progetti per i quali Ambiente Italia \u00e8 stata in grado di acquisire finanziamenti (dai programmi LIFE, FP, IEE, INTERREG etc.) e di sviluppare azioni innovative in partnership con enti pubblici e privati.<br \/>\nNell\u2019ambito della gestione dei rifiuti, Ambiente Italia, come consulente tecnico per gli Enti Locali e altri soggetti pubblici e privati, ha realizzato pi\u00f9 di 60 Piani di gestione dei rifiuti e progetti per la prevenzione dei rifiuti.<br \/>\nTra questi, si segnalano in particolare il piano di prevenzione per la Provincia di Firenze, il sostegno dato alla Provincia di Livorno per lo sviluppo di una campagna di comunicazione sul consumo critico e la prevenzione dei rifiuti (<a href=\"http:\/\/www.oprlivorno.it\/menorifiuti\">www.oprlivorno.it\/menorifiuti<\/a>) e lo sviluppo, in qualit\u00e0 di partner, dei progetti LIFE + WASTELESS IN CHIANTI (<a href=\"http:\/\/www.wasteless-in-chianti.it\/\">www.wasteless-in-chianti.it<\/a>) e INTERREG RES MAR (<a href=\"http:\/\/www.res-mar.eu\/it\/progetti\/presentazione.php?progetto=d\">www.res-mar.eu\/it\/progetti\/presentazione.php?progetto=d<\/a>), finalizzati alla prevenzione e riduzione dei rifiuti.<\/p>\n","protected":false},"excerpt":{"rendered":"<p>www.ambienteitalia.it Ambiente Italia srl \u00e8 una societ\u00e0 di ricerca e consulenza che opera nel campo dell\u2019analisi, della pianificazione e della progettazione ambientale. I suoi uffici sono a Milano, Pisa, Treviso e Roma, il suo staff ha competenze multidisciplinari e la sua partnership con organizzazioni europee \u00e8 consolidata. In 20 anni di attivit\u00e0, Ambiente Italia ha [&hellip;]<\/p>\n","protected":false},"author":2,"featured_media":0,"parent":0,"menu_order":0,"comment_status":"closed","ping_status":"closed","template":"","meta":{"_monsterinsights_skip_tracking":false,"_monsterinsights_sitenote_active":false,"_monsterinsights_sitenote_note":"","_monsterinsights_sitenote_category":0,"footnotes":""},"class_list":["post-128","page","type-page","status-publish","hentry"],"_links":{"self":[{"href":"https:\/\/nowaste.comune.re.it\/index.php?rest_route=\/wp\/v2\/pages\/128","targetHints":{"allow":["GET"]}}],"collection":[{"href":"https:\/\/nowaste.comune.re.it\/index.php?rest_route=\/wp\/v2\/pages"}],"about":[{"href":"https:\/\/nowaste.comune.re.it\/index.php?rest_route=\/wp\/v2\/types\/page"}],"author":[{"embeddable":true,"href":"https:\/\/nowaste.comune.re.it\/index.php?rest_route=\/wp\/v2\/users\/2"}],"replies":[{"embeddable":true,"href":"https:\/\/nowaste.comune.re.it\/index.php?rest_route=%2Fwp%2Fv2%2Fcomments&post=128"}],"version-history":[{"count":9,"href":"https:\/\/nowaste.comune.re.it\/index.php?rest_route=\/wp\/v2\/pages\/128\/revisions"}],"predecessor-version":[{"id":978,"href":"https:\/\/nowaste.comune.re.it\/index.php?rest_route=\/wp\/v2\/pages\/128\/revisions\/978"}],"wp:attachment":[{"href":"https:\/\/nowaste.comune.re.it\/index.php?rest_route=%2Fwp%2Fv2%2Fmedia&parent=128"}],"curies":[{"name":"wp","href":"https:\/\/api.w.org\/{rel}","templated":true}]}}