{"id":162,"date":"2012-05-03T06:32:41","date_gmt":"2012-05-03T06:32:41","guid":{"rendered":"http:\/\/nowaste.comune.re.it\/?page_id=162"},"modified":"2013-12-12T08:36:12","modified_gmt":"2013-12-12T08:36:12","slug":"azione-1-gestione-del-progetto","status":"publish","type":"page","link":"https:\/\/nowaste.comune.re.it\/?page_id=162","title":{"rendered":"Azione 1 &#8211; Gestione del progetto"},"content":{"rendered":"<p>L&#8217;obiettivo generale di questa azione \u00e8 di fornire un coordinamento efficace e la gestione delle singole azioni e attivit\u00e0 al fine di raggiungere gli obiettivi del progetto entro i vincoli di bilancio.<\/p>\n<p>Le attivit\u00e0 previste in questa azione sono:<br \/>\n1.1 &#8211; Start-up amministrativo del progetto<br \/>\n1.2 &#8211; Start-up tecnico<br \/>\n1.3 &#8211; Monitoraggio del progetto<br \/>\n1.4 &#8211; Incontri di progetto<br \/>\n1.5 &#8211; Reporting<\/p>\n<p><strong>L&#8217;attivit\u00e0 1.1 &#8211; Start-up amministrativo del progetto<\/strong> punta a garantire un corretto avvio del lavoro. Un contratto (accordo di partenariato \u2013 partnership agreement), scritto dal beneficiario, verr\u00e0 proposto al partenariato, all&#8217;inizio del progetto, che stabilir\u00e0 i rispettivi obblighi e gli impegni dei partners. Inoltre, sar\u00e0 condiviso con i partners un <a href=\"https:\/\/nowaste.comune.re.it\/?page_id=60\">manuale operativo<\/a> per il reporting alla CE;\u00a0 elencher\u00e0 e descriver\u00e0\u00a0 mezzi e tempi per valutare lo status finanziario e tecnico del progetto. I partners saranno informati sul contratto proposto e formato sugli aspetti di reporting prima e durante il kick-off, che si terr\u00e0 a Reggio Emilia. Lo start-up amministrativo varr\u00e0 per la gestione di tutte le azioni.<\/p>\n<p><strong>L&#8217;attivit\u00e0 1.2 Start-up tecnico<\/strong> garantir\u00e0 un efficace start up tecnico del progetto. Un <a href=\"https:\/\/nowaste.comune.re.it\/?page_id=60\">piano di lavoro dettagliato<\/a> sar\u00e0 redatto dal PM in collaborazione con il PC per pianificare le attivit\u00e0 e le responsabilit\u00e0 di ciascun partner. Il documento conterr\u00e0 anche una sezione con un piano di lavoro locale dettagliato da ciascun partner. Il piano di lavoro verr\u00e0 progressivamente aggiornato, se qualche ritardo si verificher\u00e0, il PM informer\u00e0 immediatamente il partenariato e trover\u00e0 le contromisure. Questa attivit\u00e0 prevede il kick-off meeting per l&#8217;avvio dei lavori che coinvolgeranno lo SC, i tecnici SC e i rappresentanti di ciascun beneficiario. Il <a href=\"https:\/\/nowaste.comune.re.it\/?page_id=150\">kick-off meeting<\/a> si terr\u00e0 a Reggio Emilia.<\/p>\n<p><strong>L\u2019attivit\u00e0 1.3 &#8211; Monitoraggio del progetto<\/strong> \u00e8 continua e fa capo al PM che verifica il corretto svolgimento del progetto. Un &#8220;<a href=\"https:\/\/nowaste.comune.re.it\/?page_id=60\">protocollo di monitoraggio di attuazione<\/a>&#8221; sar\u00e0 approvato al kick off meeting per condividere tra i partners\u00a0 le regole e le modalit\u00e0 per il monitoraggio generale di attuazione del progetto e la comunicazione tra i partners.<\/p>\n<p><strong>L\u2019attivit\u00e0 1.4 &#8211; Incontri di progetto<\/strong> mira a coordinare i partners a livello strategico e tecnico. Il progetto prevede incontri con la partecipazione di rappresentanti di tutti i partners, per valutare la situazione del progetto e per pianificare tutte le azioni che devono essere attuate per una prosecuzione ottimale del progetto. Sono previsti 4 incontri dello SC, divisi in una sessione di gestione e in una sessione tecnica; 3 incontri si terranno in teleconferenza. In totale\u00a0 gli incontri di progetto\u00a0 saranno 7, compreso il <a href=\"https:\/\/nowaste.comune.re.it\/?page_id=150\">kick off<\/a>, che si terr\u00e0 a Reggio Emilia. Gli incontri dello SC saranno organizzati 2 a Reggio Emilia, 1 a Trento\u00a0 e 1 a Milano , oltre a 3 teleconferenze. Il piano di incontri \u00e8 indicativo e sar\u00e0 definito tra i partners durante il kick-off meeting.<\/p>\n<p><strong>L&#8217;attivit\u00e0 1.5 &#8211; Reporting<\/strong> viene incontro alla richiesta di un reporting costante alla CE (Art. 12. delle <a href=\"https:\/\/nowaste.comune.re.it\/?page_id=60\">Disposizioni Comuni<\/a>). I partners sono consapevoli del fatto che \u00e8 importante, per la buona riuscita del progetto, fornire alla Commissione un numero di report volti a controllare l&#8217;avanzamento del progetto sotto il profilo tecnico e finanziario, cos\u00ec come eventuali discrepanze con il piano originale, e le eventuali soluzioni proposte per affrontare tali situazioni. Il BC produrr\u00e0 i seguenti report: Inception Report, Mid-Term report e Final report.<\/p>\n<p>Questa azione sar\u00e0 svolta dal 2012\/01\/01 al 31-12-2014.<\/p>\n","protected":false},"excerpt":{"rendered":"<p>L&#8217;obiettivo generale di questa azione \u00e8 di fornire un coordinamento efficace e la gestione delle singole azioni e attivit\u00e0 al fine di raggiungere gli obiettivi del progetto entro i vincoli di bilancio. Le attivit\u00e0 previste in questa azione sono: 1.1 &#8211; Start-up amministrativo del progetto 1.2 &#8211; Start-up tecnico 1.3 &#8211; Monitoraggio del progetto 1.4 [&hellip;]<\/p>\n","protected":false},"author":3,"featured_media":0,"parent":0,"menu_order":0,"comment_status":"closed","ping_status":"closed","template":"","meta":{"_monsterinsights_skip_tracking":false,"_monsterinsights_sitenote_active":false,"_monsterinsights_sitenote_note":"","_monsterinsights_sitenote_category":0,"footnotes":""},"class_list":["post-162","page","type-page","status-publish","hentry"],"_links":{"self":[{"href":"https:\/\/nowaste.comune.re.it\/index.php?rest_route=\/wp\/v2\/pages\/162","targetHints":{"allow":["GET"]}}],"collection":[{"href":"https:\/\/nowaste.comune.re.it\/index.php?rest_route=\/wp\/v2\/pages"}],"about":[{"href":"https:\/\/nowaste.comune.re.it\/index.php?rest_route=\/wp\/v2\/types\/page"}],"author":[{"embeddable":true,"href":"https:\/\/nowaste.comune.re.it\/index.php?rest_route=\/wp\/v2\/users\/3"}],"replies":[{"embeddable":true,"href":"https:\/\/nowaste.comune.re.it\/index.php?rest_route=%2Fwp%2Fv2%2Fcomments&post=162"}],"version-history":[{"count":11,"href":"https:\/\/nowaste.comune.re.it\/index.php?rest_route=\/wp\/v2\/pages\/162\/revisions"}],"predecessor-version":[{"id":982,"href":"https:\/\/nowaste.comune.re.it\/index.php?rest_route=\/wp\/v2\/pages\/162\/revisions\/982"}],"wp:attachment":[{"href":"https:\/\/nowaste.comune.re.it\/index.php?rest_route=%2Fwp%2Fv2%2Fmedia&parent=162"}],"curies":[{"name":"wp","href":"https:\/\/api.w.org\/{rel}","templated":true}]}}