{"id":165,"date":"2012-05-03T06:35:19","date_gmt":"2012-05-03T06:35:19","guid":{"rendered":"http:\/\/nowaste.comune.re.it\/?page_id=165"},"modified":"2013-12-12T08:18:00","modified_gmt":"2013-12-12T08:18:00","slug":"azione-2-monitoraggio-dellefficacia-del-progetto","status":"publish","type":"page","link":"https:\/\/nowaste.comune.re.it\/?page_id=165","title":{"rendered":"Azione 2 &#8211; Monitoraggio dell&#8217;efficacia del progetto"},"content":{"rendered":"<p>Questa azione \u00e8 esplicitamente dedicata al monitoraggio dell&#8217;efficacia delle azioni del progetto in termini di benefici ambientali e quindi non deve essere considerata solo come un monitoraggio della corretta realizzazione del progetto, previsto infatti nell&#8217;azione 1.<\/p>\n<p>Le attivit\u00e0 previste in questa azione sono:<br \/>\n2.1 &#8211; Definizione del protocollo di monitoraggio delle azioni<br \/>\n2.2 &#8211; Definizione del protocollo di monitoraggio del progetto<br \/>\n2.3 &#8211; Identificazione di performance obiettivo<br \/>\n2.4 &#8211; Valutazione dell&#8217;efficacia delle azioni di progetto e messa a punto della procedura di monitoraggio<\/p>\n<p><strong>Attivit\u00e0 2.1 &#8211; Definizione del protocollo di monitoraggio delle azioni<\/strong> definir\u00e0 i parametri da utilizzare per il monitoraggio delle azioni che compongono il cuore del progetto (azioni 3, 4, 5). Riguardo ai parametri, sar\u00e0 definito un metodo di calcolo per valutare la quantit\u00e0 di rifiuti risparmiati attraverso l&#8217;attuazione di ciascuna delle suddette azioni. Riguardo alla metodologia, sar\u00e0 definita una procedura da seguire per valutare l&#8217;efficacia di ogni azione; questa procedura deve specificare in che modo i partner devono rilevare i parametri di monitoraggio identificati. Questa metodologia deve essere inclusa nel WRP, nel protocollo d&#8217;intesa (Memorandum of Understanding \u2013 MoU) &#8211; impegni previsti nell&#8217;azione 4 &#8211; e nel Protocollo di monitoraggio delle azioni.<\/p>\n<p><strong>Attivit\u00e0 2.2 &#8211; Definizione del protocollo di monitoraggio del progetto<\/strong> analizzer\u00e0 la situazione iniziale di produzione e smaltimento dei rifiuti nei Comuni che partecipano al progetto e che sono coinvolti nella sperimentazione prevista nell\u2019azione 4. Saranno monitorati e valutati i livelli di produzione e smaltimento dei rifiuti durante la fase di attuazione e alla fine del progetto. Le fasi finali della valutazione saranno 3: un&#8217;analisi del contesto attuale (ex ante), una valutazione in itinere e una valutazione finale (ex post). Tale valutazione sar\u00e0 eseguita in base al protocollo di monitoraggio del progetto definito.<\/p>\n<p><strong>Attivit\u00e0 2.3 &#8211; Individuazione di performance obiettivo <\/strong>&#8211; L&#8217;analisi delle migliori pratiche condotte durante l\u2019Azione 3 porter\u00e0 alla rilevazione delle prestazioni ottimali da raggiungere attraverso l&#8217;attuazione di ogni tipo di azione. Ci\u00f2 comporter\u00e0 la definizione dei parametri di benchmarking per valutare l&#8217;efficacia delle azioni di progetto. Le prestazioni obiettivo saranno utilizzate anche per stabilire una specifica campagna di comunicazione rivolta ai clienti \/ cittadini (prevista nell\u2019azione 4); questa campagna di comunicazione informer\u00e0 chiaramente i cittadini sui risultati che potrebbero essere raggiunti se ognuno di loro partecipasse alle azioni proposte (ad esempio l&#8217;acquisto di prodotti senza imballaggio secondario o detersivi venduti sfusi).<\/p>\n<p><strong>Attivit\u00e0 2.4 &#8211; Valutazione dell&#8217;efficacia delle azioni di progetto<\/strong> e messa a punto della procedura di monitoraggio &#8211; A seguito dell&#8217;azione sperimentale legata al piano di riduzione dei rifiuti definita in azione 4, l&#8217;attivit\u00e0 2.4 porter\u00e0 alla definizione di un report di valutazione dell&#8217;efficacia dell&#8217;attivit\u00e0, confrontando le prestazioni raggiunte con i benchmarks fissati nell\u2019attivit\u00e0 2.3. Questa valutazione permetter\u00e0 la messa a punto e il controllo finale dei protocolli di monitoraggio impostati in accordo con le attivit\u00e0 2.1 e 2.2. Questo porter\u00e0 alla definizione di protocolli di monitoraggio sia per le azioni del progetto che del progetto stesso. Questi protocolli saranno inclusi nelle linee guida previste nell\u2019azione 6 &#8211; Diffusione. La valutazione di efficacia delle azioni sar\u00e0 sviluppata attraverso l&#8217;analisi dei risultati raggiunti non solo in termini di riduzione dei rifiuti, ma anche in termini di benefici ambientali ed economici ottenuti (riduzione dei consumi energetici, riduzione delle emissioni di CO2, risparmio economico generato da un diverso ciclo di vita dei prodotti, ecc &#8230;). La valutazione preveder\u00e0 anche l&#8217;analisi del grado di partecipazione e di soddisfazione dei consumatori destinatari delle azioni. Questa analisi sar\u00e0 condotta attraverso indagini campionarie specifiche e sar\u00e0 utile anche per la valutazione degli strumenti di comunicazione sviluppati durante la realizzazione del progetto.<\/p>\n","protected":false},"excerpt":{"rendered":"<p>Questa azione \u00e8 esplicitamente dedicata al monitoraggio dell&#8217;efficacia delle azioni del progetto in termini di benefici ambientali e quindi non deve essere considerata solo come un monitoraggio della corretta realizzazione del progetto, previsto infatti nell&#8217;azione 1. Le attivit\u00e0 previste in questa azione sono: 2.1 &#8211; Definizione del protocollo di monitoraggio delle azioni 2.2 &#8211; Definizione [&hellip;]<\/p>\n","protected":false},"author":3,"featured_media":0,"parent":0,"menu_order":0,"comment_status":"closed","ping_status":"closed","template":"","meta":{"_monsterinsights_skip_tracking":false,"_monsterinsights_sitenote_active":false,"_monsterinsights_sitenote_note":"","_monsterinsights_sitenote_category":0,"footnotes":""},"class_list":["post-165","page","type-page","status-publish","hentry"],"_links":{"self":[{"href":"https:\/\/nowaste.comune.re.it\/index.php?rest_route=\/wp\/v2\/pages\/165","targetHints":{"allow":["GET"]}}],"collection":[{"href":"https:\/\/nowaste.comune.re.it\/index.php?rest_route=\/wp\/v2\/pages"}],"about":[{"href":"https:\/\/nowaste.comune.re.it\/index.php?rest_route=\/wp\/v2\/types\/page"}],"author":[{"embeddable":true,"href":"https:\/\/nowaste.comune.re.it\/index.php?rest_route=\/wp\/v2\/users\/3"}],"replies":[{"embeddable":true,"href":"https:\/\/nowaste.comune.re.it\/index.php?rest_route=%2Fwp%2Fv2%2Fcomments&post=165"}],"version-history":[{"count":8,"href":"https:\/\/nowaste.comune.re.it\/index.php?rest_route=\/wp\/v2\/pages\/165\/revisions"}],"predecessor-version":[{"id":954,"href":"https:\/\/nowaste.comune.re.it\/index.php?rest_route=\/wp\/v2\/pages\/165\/revisions\/954"}],"wp:attachment":[{"href":"https:\/\/nowaste.comune.re.it\/index.php?rest_route=%2Fwp%2Fv2%2Fmedia&parent=165"}],"curies":[{"name":"wp","href":"https:\/\/api.w.org\/{rel}","templated":true}]}}