{"id":174,"date":"2012-05-03T06:39:24","date_gmt":"2012-05-03T06:39:24","guid":{"rendered":"http:\/\/nowaste.comune.re.it\/?page_id=174"},"modified":"2013-12-12T08:21:21","modified_gmt":"2013-12-12T08:21:21","slug":"azione-5-analisi-di-mercato-sul-riuso-studio-di-fattibilita-di-un-centro-del-riuso","status":"publish","type":"page","link":"https:\/\/nowaste.comune.re.it\/?page_id=174","title":{"rendered":"AZIONE 5: Analisi di mercato sul riuso &#8211; Studio di fattibilit\u00e0 di un centro del riuso"},"content":{"rendered":"<p>Nell\u2019azione 5 sar\u00e0 attuato uno studio di fattibilit\u00e0, basato sulla disponibilit\u00e0 degli attori locali ad attivare una catena di riutilizzo che consiste in un sistema integrato di centri di raccolta che adottano un processo di separazione dei rifiuti e la successiva distribuzione di beni riutilizzabili (non alimentari).<br \/>\nLo studio di fattibilit\u00e0 di un centro del riuso sar\u00e0 basato su un\u2019iniziale analisi di mercato per valutare se esistono le condizioni economiche per la creazione di reti di centri del riuso nel contesto analizzato.<\/p>\n<p>Le attivit\u00e0 previste in questa azione sono:<br \/>\n5.1 &#8211; Analisi di mercato del riuso<br \/>\n5.2 &#8211; Studio di fattibilit\u00e0 di un centro del riuso<br \/>\n5.3 &#8211; Definizione di una dichiarazione di intenti a livello locale<br \/>\n5.4 &#8211; Lobbying ed elaborazione di linee guida<\/p>\n<p><strong>Attivit\u00e0 5.1 &#8211; Analisi di mercato del riuso<\/strong> analizzer\u00e0 il mercato potenziale dei riuso a livello locale: \u00e8 necessario realizzare questa analisi prima di procedere con lo studio di fattibilit\u00e0 sul centro del riuso. L&#8217;analisi sar\u00e0 basata sull&#8217;adozione di strumenti di analisi statistiche ed economiche da applicare alla realt\u00e0 del riutilizzo.<\/p>\n<p><strong>Attivit\u00e0 5.2 &#8211; Studio di fattibilit\u00e0 di un centro del riuso<\/strong>: dopo aver analizzato il potenziale del mercato del riuso, verr\u00e0 sviluppato un Business Plan per i centri di raccolta, basato sull\u2019attivazione della catena del riuso. Lo studio di fattibilit\u00e0 preveder\u00e0 la creazione di un centro del riuso dotato di spazi per le attivit\u00e0 di riutilizzo (laboratori e vendita). Lo studio di fattibilit\u00e0 consentir\u00e0 la redazione di un progetto di una rete di riutilizzo locale, che far\u00e0 parte della dichiarazione d&#8217;intenti da sottoscrivere, come previsto dall\u2019attivit\u00e0 5.3, tra le parti coinvolte. La realizzazione fisica del progetto di rete del riuso (compreso l&#8217;allestimento di tutti i centri) rappresenta un investimento futuro (dopo la fine del progetto) da realizzare con l&#8217;impegno comune delle parti. Le strutture di rete saranno realizzate solo se e quando la legislazione italiana consentir\u00e0 il sistema di riutilizzo o lo render\u00e0 obbligatorio.<\/p>\n<p><strong>Attivit\u00e0 5.3 &#8211; Definizione di una dichiarazione di intenti a livello locale<\/strong>. Dopo l&#8217;analisi di mercato del riuso, se i risultati saranno positivi e si dimostreranno i benefici derivanti dalla creazione di un sistema integrato di centri del riuso, sar\u00e0 redatto e sottoscritto un accordo di programma, al fine di impegnare le parti interessate alla realizzazione futura di questo sistema. Le parti coinvolte sono: le amministrazioni locali (Comuni, Province, Regione), GDO, utility di gestione dei rifiuti.<\/p>\n<p><strong>Attivit\u00e0 5.4 -Lobbying ed elaborazione di linee guida<\/strong>: questa azione comporter\u00e0 la lobbying per la creazione effettiva del centro del riuso e produrr\u00e0 un set di linee guida di supporto alle autorit\u00e0 locali e alla GDO per la realizzazione di progetti di sviluppo per la creazione di centri simili. Questi sono strumenti da utilizzare per attivit\u00e0 di lobbying per la realizzazione effettiva della rete e del centro.<\/p>\n","protected":false},"excerpt":{"rendered":"<p>Nell\u2019azione 5 sar\u00e0 attuato uno studio di fattibilit\u00e0, basato sulla disponibilit\u00e0 degli attori locali ad attivare una catena di riutilizzo che consiste in un sistema integrato di centri di raccolta che adottano un processo di separazione dei rifiuti e la successiva distribuzione di beni riutilizzabili (non alimentari). Lo studio di fattibilit\u00e0 di un centro del [&hellip;]<\/p>\n","protected":false},"author":3,"featured_media":0,"parent":0,"menu_order":0,"comment_status":"closed","ping_status":"closed","template":"","meta":{"_monsterinsights_skip_tracking":false,"_monsterinsights_sitenote_active":false,"_monsterinsights_sitenote_note":"","_monsterinsights_sitenote_category":0,"footnotes":""},"class_list":["post-174","page","type-page","status-publish","hentry"],"_links":{"self":[{"href":"https:\/\/nowaste.comune.re.it\/index.php?rest_route=\/wp\/v2\/pages\/174","targetHints":{"allow":["GET"]}}],"collection":[{"href":"https:\/\/nowaste.comune.re.it\/index.php?rest_route=\/wp\/v2\/pages"}],"about":[{"href":"https:\/\/nowaste.comune.re.it\/index.php?rest_route=\/wp\/v2\/types\/page"}],"author":[{"embeddable":true,"href":"https:\/\/nowaste.comune.re.it\/index.php?rest_route=\/wp\/v2\/users\/3"}],"replies":[{"embeddable":true,"href":"https:\/\/nowaste.comune.re.it\/index.php?rest_route=%2Fwp%2Fv2%2Fcomments&post=174"}],"version-history":[{"count":9,"href":"https:\/\/nowaste.comune.re.it\/index.php?rest_route=\/wp\/v2\/pages\/174\/revisions"}],"predecessor-version":[{"id":964,"href":"https:\/\/nowaste.comune.re.it\/index.php?rest_route=\/wp\/v2\/pages\/174\/revisions\/964"}],"wp:attachment":[{"href":"https:\/\/nowaste.comune.re.it\/index.php?rest_route=%2Fwp%2Fv2%2Fmedia&parent=174"}],"curies":[{"name":"wp","href":"https:\/\/api.w.org\/{rel}","templated":true}]}}