{"id":53,"date":"2012-03-21T10:30:31","date_gmt":"2012-03-21T10:30:31","guid":{"rendered":"http:\/\/nowaste.comune.re.it\/?page_id=53"},"modified":"2013-12-12T08:13:52","modified_gmt":"2013-12-12T08:13:52","slug":"obiettivi-e-risultati-attesi","status":"publish","type":"page","link":"https:\/\/nowaste.comune.re.it\/?page_id=53","title":{"rendered":"Obiettivi e risultati attesi"},"content":{"rendered":"<p><strong>Background e obiettivi<\/strong><br \/>\nLa gestione dei rifiuti rimane una sfida importante per le autorit\u00e0 locali in Italia e gli organismi del settore privato rappresentano i partner chiave nel tentativo di minimizzare l&#8217;impatto dei rifiuti. La Grande Distribuzione Organizzata pu\u00f2 dare un contributo notevole alla minimizzazione dei rifiuti in quanto ha un forte potere d&#8217;acquisto e pu\u00f2 quindi influenzare, per esempio, le politiche di packaging, pu\u00f2 aiutare a far crescere nei consumatori una coscienza ambientale e a ridurre cos\u00ec la produzione di rifiuti. Obiettivi principali del progetto sono la realizzazione di un piano di prevenzione\/riduzione dei rifiuti insieme alla Grande Distribuzione e alla progettazione di un \u00abcentro del riuso\u00bb che recuperi i materiali invenduti o riutilizzabili.<\/p>\n<p><strong>Principali politiche europee interessate<\/strong><br \/>\nLa Direttiva 2008\/98\/CE del Parlamento Europeo e del Consiglio del 19 novembre 2008 relativa ai rifiuti ripropone la necessit\u00e0 dell\u2019applicazione di una gerarchia nella gestione del ciclo dei rifiuti (prevenzione &#8211; preparazione per il riutilizzo &#8211; riciclaggio &#8211; recupero di altro tipo, per esempio il recupero di energia &#8211; smaltimento) e di un approccio che tenga conto dell&#8217;intero ciclo di vita dei prodotti e dei materiali, rafforzando il valore economico dei rifiuti.<\/p>\n<p><strong>Azioni principali<\/strong><br \/>\n&#8211; Mappatura delle migliori esperienze di riduzione rifiuti nella Grande Distribuzione gi\u00e0 realizzate a livello nazionale.<br \/>\n&#8211; Elaborazione di un piano di riduzione, da sperimentare nella Grande Distribuzione Organizzata locale nel Comune di Reggio Emilia e nel Comune di Trento.<br \/>\n&#8211; Realizzazione di uno studio di fattibilit\u00e0 per la realizzazione di un \u00abcentro del riuso\u00bb che permetta di recuperare i beni non alimentari invenduti.<\/p>\n<p><strong>Risultati attesi<\/strong><br \/>\n&#8211; Adozione e attuazione di nuovi piani di riduzione dei rifiuti a Reggio Emilia e Trento.<br \/>\n&#8211; Studio di fattibilit\u00e0 e analisi di mercato riguardante l&#8217;istituzione di un \u00abcentro di riuso\u00bb.<br \/>\n&#8211; Guida delle migliori pratiche per aiutare gli operatori a minimizzare i flussi di rifiuti.<br \/>\n&#8211; Creazione di una produzione pi\u00f9 eco-compatibile e di pratiche di consumo pi\u00f9 sostenibili.<\/p>\n","protected":false},"excerpt":{"rendered":"<p>Background e obiettivi La gestione dei rifiuti rimane una sfida importante per le autorit\u00e0 locali in Italia e gli organismi del settore privato rappresentano i partner chiave nel tentativo di minimizzare l&#8217;impatto dei rifiuti. La Grande Distribuzione Organizzata pu\u00f2 dare un contributo notevole alla minimizzazione dei rifiuti in quanto ha un forte potere d&#8217;acquisto e [&hellip;]<\/p>\n","protected":false},"author":2,"featured_media":0,"parent":0,"menu_order":0,"comment_status":"open","ping_status":"closed","template":"","meta":{"_monsterinsights_skip_tracking":false,"_monsterinsights_sitenote_active":false,"_monsterinsights_sitenote_note":"","_monsterinsights_sitenote_category":0,"footnotes":""},"class_list":["post-53","page","type-page","status-publish","hentry"],"_links":{"self":[{"href":"https:\/\/nowaste.comune.re.it\/index.php?rest_route=\/wp\/v2\/pages\/53","targetHints":{"allow":["GET"]}}],"collection":[{"href":"https:\/\/nowaste.comune.re.it\/index.php?rest_route=\/wp\/v2\/pages"}],"about":[{"href":"https:\/\/nowaste.comune.re.it\/index.php?rest_route=\/wp\/v2\/types\/page"}],"author":[{"embeddable":true,"href":"https:\/\/nowaste.comune.re.it\/index.php?rest_route=\/wp\/v2\/users\/2"}],"replies":[{"embeddable":true,"href":"https:\/\/nowaste.comune.re.it\/index.php?rest_route=%2Fwp%2Fv2%2Fcomments&post=53"}],"version-history":[{"count":10,"href":"https:\/\/nowaste.comune.re.it\/index.php?rest_route=\/wp\/v2\/pages\/53\/revisions"}],"predecessor-version":[{"id":121,"href":"https:\/\/nowaste.comune.re.it\/index.php?rest_route=\/wp\/v2\/pages\/53\/revisions\/121"}],"wp:attachment":[{"href":"https:\/\/nowaste.comune.re.it\/index.php?rest_route=%2Fwp%2Fv2%2Fmedia&parent=53"}],"curies":[{"name":"wp","href":"https:\/\/api.w.org\/{rel}","templated":true}]}}